{"id":3101,"date":"2017-07-28T09:34:29","date_gmt":"2017-07-28T09:34:29","guid":{"rendered":"http:\/\/themes.themegoods.com\/grandtour\/demo2\/?page_id=3101"},"modified":"2024-02-07T13:53:47","modified_gmt":"2024-02-07T13:53:47","slug":"tours","status":"publish","type":"page","link":"https:\/\/taximendoza.com\/index.php\/tours\/","title":{"rendered":"Tours"},"content":{"rendered":"<div  class=\"ppb_tour_classic one nopadding \" >\n<div class=\"page_content_wrapper page_main_content sidebar_content full_width fixed_column\">\n<div class=\"standard_wrapper\">\n<div id=\"17073140271097096902\" class=\"portfolio_filter_wrapper gallery classic four_cols\" data-columns=\"4\">\n<div class=\"element grid classic4_cols animated1\">\n<div class=\"one_fourth gallery4 classic static filterable portfolio_type themeborder\"><a class=\"tour_image\" href=\"https:\/\/taximendoza.com\/index.php\/tour\/uspallata-2\/\"><br \/>\n\t\t\t\t\t<img decoding=\"async\" src=\"https:\/\/mlgb7tofgqf5.i.optimole.com\/w:700\/h:466\/q:mauto\/rt:fill\/g:ce\/f:avif\/http:\/\/taximendoza.com\/wp-content\/uploads\/2022\/11\/Potrerillos-1.jpg\" alt=\"Potrerillos\" \/><\/p>\n<div class=\"tour_label\">Sale<\/div>\n<p><\/a><\/p>\n<div class=\"portfolio_info_wrapper\">\n        \t\t    <a class=\"tour_link\" href=\"https:\/\/taximendoza.com\/index.php\/tour\/uspallata-2\/\"><\/p>\n<h4>Potrerillos<\/h4>\n<p><\/a><\/p>\n<div class=\"tour_excerpt\">\n<p>Mendoza, Potrerillos<\/p>\n<\/div>\n<div class=\"tour_attribute_wrapper\"><\/div>\n<p>        \t\t    <br class=\"clear\"\/>\n\t\t\t\t<\/div>\n<\/div>\n<\/div>\n<div class=\"element grid classic4_cols animated2\">\n<div class=\"one_fourth gallery4 classic static filterable portfolio_type themeborder\"><a class=\"tour_image\" href=\"https:\/\/taximendoza.com\/index.php\/tour\/uspallata\/\"><br \/>\n\t\t\t\t\t<img decoding=\"async\" src=\"https:\/\/mlgb7tofgqf5.i.optimole.com\/w:700\/h:466\/q:mauto\/rt:fill\/g:ce\/f:avif\/http:\/\/taximendoza.com\/wp-content\/uploads\/2022\/10\/Uspallata.jpg\" alt=\"Uspallata\" \/><\/p>\n<div class=\"tour_label\">Sale<\/div>\n<p><\/a><\/p>\n<div class=\"portfolio_info_wrapper\">\n        \t\t    <a class=\"tour_link\" href=\"https:\/\/taximendoza.com\/index.php\/tour\/uspallata\/\"><\/p>\n<h4>Uspallata<\/h4>\n<p><\/a><\/p>\n<div class=\"tour_excerpt\">\n<p>Mendoza, Uspallata<\/p>\n<\/div>\n<div class=\"tour_attribute_wrapper\"><\/div>\n<p>        \t\t    <br class=\"clear\"\/>\n\t\t\t\t<\/div>\n<\/div>\n<\/div>\n<div class=\"element grid classic4_cols animated3\">\n<div class=\"one_fourth gallery4 classic static filterable portfolio_type themeborder\"><a class=\"tour_image\" href=\"https:\/\/taximendoza.com\/index.php\/tour\/bodega-lujan-2-2\/\"><br \/>\n\t\t\t\t\t<img decoding=\"async\" src=\"https:\/\/mlgb7tofgqf5.i.optimole.com\/w:700\/h:466\/q:mauto\/rt:fill\/g:ce\/f:avif\/http:\/\/taximendoza.com\/wp-content\/uploads\/2022\/09\/tun3.jpg\" alt=\"Bodegas Valle de Uco Tunuy\u00e1n\" \/><\/a><\/p>\n<div class=\"portfolio_info_wrapper\">\n        \t\t    <a class=\"tour_link\" href=\"https:\/\/taximendoza.com\/index.php\/tour\/bodega-lujan-2-2\/\"><\/p>\n<h4>Bodegas Valle de Uco Tunuy\u00e1n<\/h4>\n<p><\/a><\/p>\n<div class=\"tour_excerpt\">\n<p>Mendoza, Tunuy\u00e1n<\/p>\n<\/div>\n<div class=\"tour_attribute_wrapper\"><\/div>\n<p>        \t\t    <br class=\"clear\"\/>\n\t\t\t\t<\/div>\n<\/div>\n<\/div>\n<div class=\"element grid classic4_cols animated4\">\n<div class=\"one_fourth gallery4 classic static filterable portfolio_type themeborder\"><a class=\"tour_image\" href=\"https:\/\/taximendoza.com\/index.php\/tour\/bodega-lujan-2-2-2\/\"><br \/>\n\t\t\t\t\t<img data-opt-src=\"https:\/\/mlgb7tofgqf5.i.optimole.com\/w:700\/h:466\/q:mauto\/rt:fill\/g:ce\/f:avif\/http:\/\/taximendoza.com\/wp-content\/uploads\/2022\/09\/tupu1.jpg\"  decoding=\"async\" src=\"data:image/svg+xml,%3Csvg%20viewBox%3D%220%200%20700%20466%22%20width%3D%22700%22%20height%3D%22466%22%20xmlns%3D%22http%3A%2F%2Fwww.w3.org%2F2000%2Fsvg%22%3E%3C%2Fsvg%3E\" alt=\"Bodegas Valle de Uco Tupungato\" \/><noscript><img decoding=\"async\" src=\"https:\/\/mlgb7tofgqf5.i.optimole.com\/w:700\/h:466\/q:mauto\/rt:fill\/g:ce\/f:avif\/http:\/\/taximendoza.com\/wp-content\/uploads\/2022\/09\/tupu1.jpg\" alt=\"Bodegas Valle de Uco Tupungato\" \/></noscript><\/a><\/p>\n<div class=\"portfolio_info_wrapper\">\n        \t\t    <a class=\"tour_link\" href=\"https:\/\/taximendoza.com\/index.php\/tour\/bodega-lujan-2-2-2\/\"><\/p>\n<h4>Bodegas Valle de Uco Tupungato<\/h4>\n<p><\/a><\/p>\n<div class=\"tour_excerpt\">\n<p>Mendoza, Tupungato<\/p>\n<\/div>\n<div class=\"tour_attribute_wrapper\"><\/div>\n<p>        \t\t    <br class=\"clear\"\/>\n\t\t\t\t<\/div>\n<\/div>\n<\/div>\n<div class=\"element grid classic4_cols animated5\">\n<div class=\"one_fourth gallery4 classic static filterable portfolio_type themeborder\"><a class=\"tour_image\" href=\"https:\/\/taximendoza.com\/index.php\/tour\/bodega-lujan-2-2-2-2\/\"><br \/>\n\t\t\t\t\t<img data-opt-src=\"https:\/\/mlgb7tofgqf5.i.optimole.com\/w:700\/h:466\/q:mauto\/rt:fill\/g:ce\/f:avif\/http:\/\/taximendoza.com\/wp-content\/uploads\/2022\/10\/mansovina.webp\"  decoding=\"async\" src=\"data:image/svg+xml,%3Csvg%20viewBox%3D%220%200%20700%20466%22%20width%3D%22700%22%20height%3D%22466%22%20xmlns%3D%22http%3A%2F%2Fwww.w3.org%2F2000%2Fsvg%22%3E%3C%2Fsvg%3E\" alt=\"Bodegas Valle de Uco San Carlos\" \/><noscript><img decoding=\"async\" src=\"https:\/\/mlgb7tofgqf5.i.optimole.com\/w:700\/h:466\/q:mauto\/rt:fill\/g:ce\/f:avif\/http:\/\/taximendoza.com\/wp-content\/uploads\/2022\/10\/mansovina.webp\" alt=\"Bodegas Valle de Uco San Carlos\" \/></noscript><\/a><\/p>\n<div class=\"portfolio_info_wrapper\">\n        \t\t    <a class=\"tour_link\" href=\"https:\/\/taximendoza.com\/index.php\/tour\/bodega-lujan-2-2-2-2\/\"><\/p>\n<h4>Bodegas Valle de Uco San Carlos<\/h4>\n<p><\/a><\/p>\n<div class=\"tour_excerpt\">\n<p>Mendoza, San Carlos<\/p>\n<\/div>\n<div class=\"tour_attribute_wrapper\"><\/div>\n<p>        \t\t    <br class=\"clear\"\/>\n\t\t\t\t<\/div>\n<\/div>\n<\/div>\n<div class=\"element grid classic4_cols animated6\">\n<div class=\"one_fourth gallery4 classic static filterable portfolio_type themeborder\"><a class=\"tour_image\" href=\"https:\/\/taximendoza.com\/index.php\/tour\/bodega-maipu\/\"><br \/>\n\t\t\t\t\t<img data-opt-src=\"https:\/\/mlgb7tofgqf5.i.optimole.com\/w:700\/h:466\/q:mauto\/rt:fill\/g:ce\/f:avif\/http:\/\/taximendoza.com\/wp-content\/uploads\/2016\/12\/Finca-Agostino-scaled-1.jpg\"  decoding=\"async\" src=\"data:image/svg+xml,%3Csvg%20viewBox%3D%220%200%20700%20466%22%20width%3D%22700%22%20height%3D%22466%22%20xmlns%3D%22http%3A%2F%2Fwww.w3.org%2F2000%2Fsvg%22%3E%3C%2Fsvg%3E\" alt=\"Bodegas Maip\u00fa\" \/><noscript><img decoding=\"async\" src=\"https:\/\/mlgb7tofgqf5.i.optimole.com\/w:700\/h:466\/q:mauto\/rt:fill\/g:ce\/f:avif\/http:\/\/taximendoza.com\/wp-content\/uploads\/2016\/12\/Finca-Agostino-scaled-1.jpg\" alt=\"Bodegas Maip\u00fa\" \/></noscript><\/p>\n<div class=\"tour_label\">sale<\/div>\n<p><\/a><\/p>\n<div class=\"portfolio_info_wrapper\">\n        \t\t    <a class=\"tour_link\" href=\"https:\/\/taximendoza.com\/index.php\/tour\/bodega-maipu\/\"><\/p>\n<h4>Bodegas Maip\u00fa<\/h4>\n<p><\/a><\/p>\n<div class=\"tour_excerpt\">\n<p>Mendoza, Maip\u00fa,bodegas<\/p>\n<\/div>\n<div class=\"tour_attribute_wrapper\"><\/div>\n<p>        \t\t    <br class=\"clear\"\/>\n\t\t\t\t<\/div>\n<\/div>\n<\/div>\n<div class=\"element grid classic4_cols animated7\">\n<div class=\"one_fourth gallery4 classic static filterable portfolio_type themeborder\"><a class=\"tour_image\" href=\"https:\/\/taximendoza.com\/index.php\/tour\/bodega-lujan-2\/\"><br \/>\n\t\t\t\t\t<img data-opt-src=\"https:\/\/mlgb7tofgqf5.i.optimole.com\/w:700\/h:466\/q:mauto\/rt:fill\/g:ce\/f:avif\/http:\/\/taximendoza.com\/wp-content\/uploads\/2016\/12\/DJI_0710-5-20.jpg\"  decoding=\"async\" src=\"data:image/svg+xml,%3Csvg%20viewBox%3D%220%200%20700%20466%22%20width%3D%22700%22%20height%3D%22466%22%20xmlns%3D%22http%3A%2F%2Fwww.w3.org%2F2000%2Fsvg%22%3E%3C%2Fsvg%3E\" alt=\"Bodegas Luj\u00e1n\" \/><noscript><img decoding=\"async\" src=\"https:\/\/mlgb7tofgqf5.i.optimole.com\/w:700\/h:466\/q:mauto\/rt:fill\/g:ce\/f:avif\/http:\/\/taximendoza.com\/wp-content\/uploads\/2016\/12\/DJI_0710-5-20.jpg\" alt=\"Bodegas Luj\u00e1n\" \/></noscript><\/p>\n<div class=\"tour_label\">Sale<\/div>\n<p><\/a><\/p>\n<div class=\"portfolio_info_wrapper\">\n        \t\t    <a class=\"tour_link\" href=\"https:\/\/taximendoza.com\/index.php\/tour\/bodega-lujan-2\/\"><\/p>\n<h4>Bodegas Luj\u00e1n<\/h4>\n<p><\/a><\/p>\n<div class=\"tour_excerpt\">\n<p>Mendoza, Luj\u00e1n de cuyo<\/p>\n<\/div>\n<div class=\"tour_attribute_wrapper\"><\/div>\n<p>        \t\t    <br class=\"clear\"\/>\n\t\t\t\t<\/div>\n<\/div>\n<\/div>\n<div class=\"element grid classic4_cols animated8\">\n<div class=\"one_fourth gallery4 classic static filterable portfolio_type themeborder\"><a class=\"tour_image\" href=\"https:\/\/taximendoza.com\/index.php\/tour\/bodega-maipu-2\/\"><br \/>\n\t\t\t\t\t<img data-opt-src=\"https:\/\/mlgb7tofgqf5.i.optimole.com\/w:700\/h:466\/q:mauto\/rt:fill\/g:ce\/f:avif\/http:\/\/taximendoza.com\/wp-content\/uploads\/2022\/10\/cabalga.jpg\"  decoding=\"async\" src=\"data:image/svg+xml,%3Csvg%20viewBox%3D%220%200%20700%20466%22%20width%3D%22700%22%20height%3D%22466%22%20xmlns%3D%22http%3A%2F%2Fwww.w3.org%2F2000%2Fsvg%22%3E%3C%2Fsvg%3E\" alt=\"Los Andes\" \/><noscript><img decoding=\"async\" src=\"https:\/\/mlgb7tofgqf5.i.optimole.com\/w:700\/h:466\/q:mauto\/rt:fill\/g:ce\/f:avif\/http:\/\/taximendoza.com\/wp-content\/uploads\/2022\/10\/cabalga.jpg\" alt=\"Los Andes\" \/></noscript><\/a><\/p>\n<div class=\"portfolio_info_wrapper\">\n        \t\t    <a class=\"tour_link\" href=\"https:\/\/taximendoza.com\/index.php\/tour\/bodega-maipu-2\/\"><\/p>\n<h4>Los Andes<\/h4>\n<p><\/a><\/p>\n<div class=\"tour_excerpt\">\n<p>Mendoza, Maip\u00fa,bodegas<\/p>\n<\/div>\n<div class=\"tour_attribute_wrapper\"><\/div>\n<p>        \t\t    <br class=\"clear\"\/>\n\t\t\t\t<\/div>\n<\/div>\n<\/div>\n<div class=\"element grid classic4_cols animated9\">\n<div class=\"one_fourth gallery4 classic static filterable portfolio_type themeborder\"><a class=\"tour_image\" href=\"https:\/\/taximendoza.com\/index.php\/tour\/bodega-maipu-2-2-2-2-2\/\"><br \/>\n\t\t\t\t\t<img data-opt-src=\"https:\/\/mlgb7tofgqf5.i.optimole.com\/w:700\/h:466\/q:mauto\/rt:fill\/g:ce\/f:avif\/http:\/\/taximendoza.com\/wp-content\/uploads\/2022\/10\/ter6-e1664652734406.jpeg\"  decoding=\"async\" src=\"data:image/svg+xml,%3Csvg%20viewBox%3D%220%200%20700%20466%22%20width%3D%22700%22%20height%3D%22466%22%20xmlns%3D%22http%3A%2F%2Fwww.w3.org%2F2000%2Fsvg%22%3E%3C%2Fsvg%3E\" alt=\"Termas de Cacheuta\" \/><noscript><img decoding=\"async\" src=\"https:\/\/mlgb7tofgqf5.i.optimole.com\/w:700\/h:466\/q:mauto\/rt:fill\/g:ce\/f:avif\/http:\/\/taximendoza.com\/wp-content\/uploads\/2022\/10\/ter6-e1664652734406.jpeg\" alt=\"Termas de Cacheuta\" \/></noscript><\/a><\/p>\n<div class=\"portfolio_info_wrapper\">\n        \t\t    <a class=\"tour_link\" href=\"https:\/\/taximendoza.com\/index.php\/tour\/bodega-maipu-2-2-2-2-2\/\"><\/p>\n<h4>Termas de Cacheuta<\/h4>\n<p><\/a><\/p>\n<div class=\"tour_excerpt\">\n<p>Mendoza, Termas de Cacheuta<\/p>\n<\/div>\n<div class=\"tour_attribute_wrapper\"><\/div>\n<p>        \t\t    <br class=\"clear\"\/>\n\t\t\t\t<\/div>\n<\/div>\n<\/div>\n<div class=\"element grid classic4_cols animated10\">\n<div class=\"one_fourth gallery4 classic static filterable portfolio_type themeborder\"><a class=\"tour_image\" href=\"https:\/\/taximendoza.com\/index.php\/tour\/bodega-maipu-2-2\/\"><br \/>\n\t\t\t\t\t<img data-opt-src=\"https:\/\/mlgb7tofgqf5.i.optimole.com\/w:700\/h:466\/q:mauto\/rt:fill\/g:ce\/f:avif\/http:\/\/taximendoza.com\/wp-content\/uploads\/2022\/10\/vi3.jpg\"  decoding=\"async\" src=\"data:image/svg+xml,%3Csvg%20viewBox%3D%220%200%20700%20466%22%20width%3D%22700%22%20height%3D%22466%22%20xmlns%3D%22http%3A%2F%2Fwww.w3.org%2F2000%2Fsvg%22%3E%3C%2Fsvg%3E\" alt=\"Villavicencio\" \/><noscript><img decoding=\"async\" src=\"https:\/\/mlgb7tofgqf5.i.optimole.com\/w:700\/h:466\/q:mauto\/rt:fill\/g:ce\/f:avif\/http:\/\/taximendoza.com\/wp-content\/uploads\/2022\/10\/vi3.jpg\" alt=\"Villavicencio\" \/></noscript><\/a><\/p>\n<div class=\"portfolio_info_wrapper\">\n        \t\t    <a class=\"tour_link\" href=\"https:\/\/taximendoza.com\/index.php\/tour\/bodega-maipu-2-2\/\"><\/p>\n<h4>Villavicencio<\/h4>\n<p><\/a><\/p>\n<div class=\"tour_excerpt\">\n<p>Mendoza, Villavicencio.<\/p>\n<\/div>\n<div class=\"tour_attribute_wrapper\"><\/div>\n<p>        \t\t    <br class=\"clear\"\/>\n\t\t\t\t<\/div>\n<\/div>\n<\/div>\n<div class=\"element grid classic4_cols animated11\">\n<div class=\"one_fourth gallery4 classic static filterable portfolio_type themeborder\"><a class=\"tour_image\" href=\"https:\/\/taximendoza.com\/index.php\/tour\/bodega-maipu-2-2-2\/\"><br \/>\n\t\t\t\t\t<img data-opt-src=\"https:\/\/mlgb7tofgqf5.i.optimole.com\/w:700\/h:466\/q:mauto\/rt:fill\/g:ce\/f:avif\/http:\/\/taximendoza.com\/wp-content\/uploads\/2022\/10\/at4.jpg\"  decoding=\"async\" src=\"data:image/svg+xml,%3Csvg%20viewBox%3D%220%200%20700%20466%22%20width%3D%22700%22%20height%3D%22466%22%20xmlns%3D%22http%3A%2F%2Fwww.w3.org%2F2000%2Fsvg%22%3E%3C%2Fsvg%3E\" alt=\"San Rafael\" \/><noscript><img decoding=\"async\" src=\"https:\/\/mlgb7tofgqf5.i.optimole.com\/w:700\/h:466\/q:mauto\/rt:fill\/g:ce\/f:avif\/http:\/\/taximendoza.com\/wp-content\/uploads\/2022\/10\/at4.jpg\" alt=\"San Rafael\" \/></noscript><\/a><\/p>\n<div class=\"portfolio_info_wrapper\">\n        \t\t    <a class=\"tour_link\" href=\"https:\/\/taximendoza.com\/index.php\/tour\/bodega-maipu-2-2-2\/\"><\/p>\n<h4>San Rafael<\/h4>\n<p><\/a><\/p>\n<div class=\"tour_excerpt\">\n<p>Mendoza, San Rafael<\/p>\n<\/div>\n<div class=\"tour_attribute_wrapper\"><\/div>\n<p>        \t\t    <br class=\"clear\"\/>\n\t\t\t\t<\/div>\n<\/div>\n<\/div>\n<div class=\"element grid classic4_cols animated12\">\n<div class=\"one_fourth gallery4 classic static filterable portfolio_type themeborder\"><a class=\"tour_image\" href=\"https:\/\/taximendoza.com\/index.php\/tour\/bodega-maipu-2-2-2-2-2-2\/\"><br \/>\n\t\t\t\t\t<img data-opt-src=\"https:\/\/mlgb7tofgqf5.i.optimole.com\/w:700\/h:466\/q:mauto\/rt:fill\/g:ce\/f:avif\/http:\/\/taximendoza.com\/wp-content\/uploads\/2022\/10\/para7.jpg\"  decoding=\"async\" src=\"data:image/svg+xml,%3Csvg%20viewBox%3D%220%200%20700%20466%22%20width%3D%22700%22%20height%3D%22466%22%20xmlns%3D%22http%3A%2F%2Fwww.w3.org%2F2000%2Fsvg%22%3E%3C%2Fsvg%3E\" alt=\"Paramillos\" \/><noscript><img decoding=\"async\" src=\"https:\/\/mlgb7tofgqf5.i.optimole.com\/w:700\/h:466\/q:mauto\/rt:fill\/g:ce\/f:avif\/http:\/\/taximendoza.com\/wp-content\/uploads\/2022\/10\/para7.jpg\" alt=\"Paramillos\" \/></noscript><\/a><\/p>\n<div class=\"portfolio_info_wrapper\">\n        \t\t    <a class=\"tour_link\" href=\"https:\/\/taximendoza.com\/index.php\/tour\/bodega-maipu-2-2-2-2-2-2\/\"><\/p>\n<h4>Paramillos<\/h4>\n<p><\/a><\/p>\n<div class=\"tour_excerpt\">\n<p>Mendoza, Paramillos<\/p>\n<\/div>\n<div class=\"tour_attribute_wrapper\"><\/div>\n<p>        \t\t    <br class=\"clear\"\/>\n\t\t\t\t<\/div>\n<\/div>\n<\/div>\n<div class=\"element grid classic4_cols animated13\">\n<div class=\"one_fourth gallery4 classic static filterable portfolio_type themeborder\"><a class=\"tour_image\" href=\"https:\/\/taximendoza.com\/index.php\/tour\/bodega-maipu-2-2-2-2\/\"><br \/>\n\t\t\t\t\t<img data-opt-src=\"https:\/\/mlgb7tofgqf5.i.optimole.com\/w:700\/h:466\/q:mauto\/rt:fill\/g:ce\/f:avif\/http:\/\/taximendoza.com\/wp-content\/uploads\/2022\/10\/lena2.jpg\"  decoding=\"async\" src=\"data:image/svg+xml,%3Csvg%20viewBox%3D%220%200%20700%20466%22%20width%3D%22700%22%20height%3D%22466%22%20xmlns%3D%22http%3A%2F%2Fwww.w3.org%2F2000%2Fsvg%22%3E%3C%2Fsvg%3E\" alt=\"Las Le\u00f1as\" \/><noscript><img decoding=\"async\" src=\"https:\/\/mlgb7tofgqf5.i.optimole.com\/w:700\/h:466\/q:mauto\/rt:fill\/g:ce\/f:avif\/http:\/\/taximendoza.com\/wp-content\/uploads\/2022\/10\/lena2.jpg\" alt=\"Las Le\u00f1as\" \/></noscript><\/a><\/p>\n<div class=\"portfolio_info_wrapper\">\n        \t\t    <a class=\"tour_link\" href=\"https:\/\/taximendoza.com\/index.php\/tour\/bodega-maipu-2-2-2-2\/\"><\/p>\n<h4>Las Le\u00f1as<\/h4>\n<p><\/a><\/p>\n<div class=\"tour_excerpt\">\n<p>Mendoza, Las Le\u00f1as<\/p>\n<\/div>\n<div class=\"tour_attribute_wrapper\"><\/div>\n<p>        \t\t    <br class=\"clear\"\/>\n\t\t\t\t<\/div>\n<\/div>\n<\/div>\n<\/div>\n<\/div>\n<\/div>\n<\/div>\n<div  class=\"one withsmallpadding ppb_text\" style=\"text-align:center;padding:40px 0 40px 0;\" >\n<div class=\"standard_wrapper\">\n<div class=\"page_content_wrapper\">\n<div class=\"inner\">\n<div style=\"margin:auto;width:100%\">\n<p><img decoding=\"async\" loading=\"lazy\" class=\"aligncenter wp-image-3080 size-full\" src=\"http:\/\/themes.themegoods.com\/grandtour\/demo2\/wp-content\/uploads\/2017\/07\/awards.png\" alt=\"\" width=\"783\" height=\"200\" \/><\/p>\n<h3>Speak to our expert at +5492616795405<\/h3>\n<\/div>\n<\/div>\n<\/div>\n<\/div>\n<\/div>\n<div  class=\"one ppb_image_fullwidth\" style=\"padding:0px 0 0px 0;\" >\n<div class=\"one withbg\" style=\"background-image:url(http:\/\/themes.themegoods.com\/grandtour\/demo2\/wp-content\/uploads\/2017\/07\/mountain_bg.jpg);background-size:cover;background-position:center top;height:400px;position:relative;\"><\/div>\n<\/div>\n","protected":false},"excerpt":{"rendered":"<p>Sale Potrerillos Mendoza, Potrerillos Sale Uspallata Mendoza, Uspallata Bodegas Valle de Uco Tunuy\u00e1n Mendoza, Tunuy\u00e1n Bodegas Valle de Uco Tupungato Mendoza, Tupungato Bodegas Valle de Uco San Carlos Mendoza, San Carlos sale Bodegas Maip\u00fa Mendoza, Maip\u00fa,bodegas Sale Bodegas Luj\u00e1n Mendoza, [&hellip;]<\/p>\n","protected":false},"author":1,"featured_media":3874,"parent":0,"menu_order":0,"comment_status":"closed","ping_status":"closed","template":"","meta":{"om_disable_all_campaigns":false,"_monsterinsights_skip_tracking":false,"_monsterinsights_sitenote_active":false,"_monsterinsights_sitenote_note":"","_monsterinsights_sitenote_category":0,"footnotes":""},"class_list":["post-3101","page","type-page","status-publish","has-post-thumbnail","hentry"],"aioseo_notices":[],"_links":{"self":[{"href":"https:\/\/taximendoza.com\/index.php\/wp-json\/wp\/v2\/pages\/3101","targetHints":{"allow":["GET"]}}],"collection":[{"href":"https:\/\/taximendoza.com\/index.php\/wp-json\/wp\/v2\/pages"}],"about":[{"href":"https:\/\/taximendoza.com\/index.php\/wp-json\/wp\/v2\/types\/page"}],"author":[{"embeddable":true,"href":"https:\/\/taximendoza.com\/index.php\/wp-json\/wp\/v2\/users\/1"}],"replies":[{"embeddable":true,"href":"https:\/\/taximendoza.com\/index.php\/wp-json\/wp\/v2\/comments?post=3101"}],"version-history":[{"count":11,"href":"https:\/\/taximendoza.com\/index.php\/wp-json\/wp\/v2\/pages\/3101\/revisions"}],"predecessor-version":[{"id":4122,"href":"https:\/\/taximendoza.com\/index.php\/wp-json\/wp\/v2\/pages\/3101\/revisions\/4122"}],"wp:featuredmedia":[{"embeddable":true,"href":"https:\/\/taximendoza.com\/index.php\/wp-json\/wp\/v2\/media\/3874"}],"wp:attachment":[{"href":"https:\/\/taximendoza.com\/index.php\/wp-json\/wp\/v2\/media?parent=3101"}],"curies":[{"name":"wp","href":"https:\/\/api.w.org\/{rel}","templated":true}]}}